{"id":2414,"date":"2025-02-23T18:10:37","date_gmt":"2025-02-23T18:10:37","guid":{"rendered":"https:\/\/renovasolenergy.cl\/?post_type=product&#038;p=2414"},"modified":"2025-12-16T20:04:22","modified_gmt":"2025-12-16T20:04:22","slug":"bateria-ciclo-profundo-100ah-12v-gel-just","status":"publish","type":"product","link":"https:\/\/renovasolenergy.cl\/index.php\/producto\/bateria-ciclo-profundo-100ah-12v-gel-just\/","title":{"rendered":"Bater\u00eda Ciclo Profundo 100Ah 12V GEL Just"},"content":{"rendered":"<p>La Bater\u00eda de 100 Amperes GEL 12V marca Just Energy, con capacidad nominal de 100Ah que ha sido dise\u00f1ada para darle uso en instalaciones fotovoltaicas, UPS, etc. Se trata de una bater\u00eda que destaca por su resistencia, durabilidad y libre mantenimiento. Es una bater\u00eda sellada, lo que hace que su manipulaci\u00f3n sea completamente segura, ya que el \u00e1cido de su interior no podr\u00e1 derramarse. A esto hay que sumarle que tiene un tama\u00f1o reducido por lo que podremos ubicarla en diferentes espacios, incluso cerrado, ya que tampoco emitir\u00e1 gases nocivos dada su tecnolog\u00eda de GEL.<\/p>\n<p><strong>Caracter\u00edsticas Bater\u00eda Solar de Ciclo Profundo 100Ah:<\/strong><br \/>\n&#8211; Libre de mantenimiento, no expele gases ni tiene derrames de acido<br \/>\n&#8211; Baja autodescarga<br \/>\n&#8211; Larga vida \u00fatil\u00a0en modo standby<br \/>\n&#8211; Alta corriente de descarga<br \/>\n&#8211; Amplio rango de temperatura de operaci\u00f3n<\/p>\n<p><strong>Aplicaciones Bater\u00eda Solar Ciclo Profundo 100Ah:<\/strong><br \/>\n&#8211; Sistemas de energ\u00edas renovables fotovoltaicos y e\u00f3licos<br \/>\n&#8211; Sistemas de iluminaci\u00f3n de emergencia, seguridad o alarmas<br \/>\n&#8211; Equipos de telecomunicaciones, etc.<br \/>\n&#8211; Respaldo de energ\u00eda (UPS)<\/p>\n<p><strong>Especificaciones T\u00e9cnicas Bater\u00eda GEL 100Ah, marca Just Energy:<\/strong><\/p>\n<p>&#8211; Marca: Just Energy<br \/>\n&#8211; Voltaje: 12V<br \/>\n&#8211; Corriente: 100Ah<br \/>\n&#8211; Tecnolog\u00eda: GEL<br \/>\n&#8211; Terminal: T9<br \/>\n&#8211; Peso: 30,2 KG.<br \/>\n&#8211; Dimensiones: 330x171x220mm<br \/>\n&#8211; Certificaciones de la Compa\u00f1\u00eda: UL, CE, ISO9001, ISO14001<\/p>\n","protected":false},"excerpt":{"rendered":"<p>IVA Inclu\u00eddo<\/p>\n","protected":false},"featured_media":2410,"comment_status":"closed","ping_status":"closed","template":"","meta":[],"product_brand":[],"product_cat":[83,71],"product_tag":[],"class_list":{"0":"post-2414","1":"product","2":"type-product","3":"status-publish","4":"has-post-thumbnail","6":"product_cat-baterias","7":"product_cat-fotovoltaica","9":"first","10":"instock","11":"shipping-taxable","12":"purchasable","13":"product-type-simple"},"_links":{"self":[{"href":"https:\/\/renovasolenergy.cl\/index.php\/wp-json\/wp\/v2\/product\/2414","targetHints":{"allow":["GET"]}}],"collection":[{"href":"https:\/\/renovasolenergy.cl\/index.php\/wp-json\/wp\/v2\/product"}],"about":[{"href":"https:\/\/renovasolenergy.cl\/index.php\/wp-json\/wp\/v2\/types\/product"}],"replies":[{"embeddable":true,"href":"https:\/\/renovasolenergy.cl\/index.php\/wp-json\/wp\/v2\/comments?post=2414"}],"wp:featuredmedia":[{"embeddable":true,"href":"https:\/\/renovasolenergy.cl\/index.php\/wp-json\/wp\/v2\/media\/2410"}],"wp:attachment":[{"href":"https:\/\/renovasolenergy.cl\/index.php\/wp-json\/wp\/v2\/media?parent=2414"}],"wp:term":[{"taxonomy":"product_brand","embeddable":true,"href":"https:\/\/renovasolenergy.cl\/index.php\/wp-json\/wp\/v2\/product_brand?post=2414"},{"taxonomy":"product_cat","embeddable":true,"href":"https:\/\/renovasolenergy.cl\/index.php\/wp-json\/wp\/v2\/product_cat?post=2414"},{"taxonomy":"product_tag","embeddable":true,"href":"https:\/\/renovasolenergy.cl\/index.php\/wp-json\/wp\/v2\/product_tag?post=2414"}],"curies":[{"name":"wp","href":"https:\/\/api.w.org\/{rel}","templated":true}]}}