{"id":2412,"date":"2025-02-23T17:23:36","date_gmt":"2025-02-23T17:23:36","guid":{"rendered":"https:\/\/renovasolenergy.cl\/?post_type=product&#038;p=2412"},"modified":"2025-07-03T16:29:51","modified_gmt":"2025-07-03T16:29:51","slug":"inversor-hibrido-5500w-48v-mppt-alta-eficiencia-premiun-bms-wifi-paralelo","status":"publish","type":"product","link":"https:\/\/renovasolenergy.cl\/index.php\/producto\/inversor-hibrido-5500w-48v-mppt-alta-eficiencia-premiun-bms-wifi-paralelo\/","title":{"rendered":"Inversor H\u00edbrido 5500w 48v mppt alta eficiencia Premiun bms wifi paralelo"},"content":{"rendered":"<ul>\n<li>Inversor Cargador con regulador 100 amp mppt incorporado en el equipo, con funci\u00f3n paralelo para acoplar hasta 3 inversores. Soporta bater\u00edas de gel y litio. 5500W nominales 11000W peak, entrada voltaje mppt 200 a 500vdc utilizado en energ\u00eda solar, sistemas de respaldo, ups, entre otras. inversor de f\u00e1cil instalaci\u00f3n y uso por parte del usuario, configurable para diversos usos, dise\u00f1ado para operar con bancos de bater\u00edas en 48v si bien es cierto, este equipo permite operar con generadores o redes el\u00e9ctricas 220v, solo permite la carga de las bater\u00edas no inyectando energ\u00eda a la red el\u00e9ctrica. para operaci\u00f3n requiere m\u00ednimo 5 paneles 450w o superior todos en Serie.<\/li>\n<\/ul>\n","protected":false},"excerpt":{"rendered":"<p>IVA incluido.<\/p>\n","protected":false},"featured_media":2409,"comment_status":"closed","ping_status":"closed","template":"","meta":[],"product_brand":[],"product_cat":[71,74],"product_tag":[],"class_list":{"0":"post-2412","1":"product","2":"type-product","3":"status-publish","4":"has-post-thumbnail","6":"product_cat-fotovoltaica","7":"product_cat-inversores","9":"first","10":"instock","11":"shipping-taxable","12":"purchasable","13":"product-type-simple"},"_links":{"self":[{"href":"https:\/\/renovasolenergy.cl\/index.php\/wp-json\/wp\/v2\/product\/2412","targetHints":{"allow":["GET"]}}],"collection":[{"href":"https:\/\/renovasolenergy.cl\/index.php\/wp-json\/wp\/v2\/product"}],"about":[{"href":"https:\/\/renovasolenergy.cl\/index.php\/wp-json\/wp\/v2\/types\/product"}],"replies":[{"embeddable":true,"href":"https:\/\/renovasolenergy.cl\/index.php\/wp-json\/wp\/v2\/comments?post=2412"}],"wp:featuredmedia":[{"embeddable":true,"href":"https:\/\/renovasolenergy.cl\/index.php\/wp-json\/wp\/v2\/media\/2409"}],"wp:attachment":[{"href":"https:\/\/renovasolenergy.cl\/index.php\/wp-json\/wp\/v2\/media?parent=2412"}],"wp:term":[{"taxonomy":"product_brand","embeddable":true,"href":"https:\/\/renovasolenergy.cl\/index.php\/wp-json\/wp\/v2\/product_brand?post=2412"},{"taxonomy":"product_cat","embeddable":true,"href":"https:\/\/renovasolenergy.cl\/index.php\/wp-json\/wp\/v2\/product_cat?post=2412"},{"taxonomy":"product_tag","embeddable":true,"href":"https:\/\/renovasolenergy.cl\/index.php\/wp-json\/wp\/v2\/product_tag?post=2412"}],"curies":[{"name":"wp","href":"https:\/\/api.w.org\/{rel}","templated":true}]}}