{"id":1942,"date":"2023-08-08T00:02:16","date_gmt":"2023-08-08T00:02:16","guid":{"rendered":"https:\/\/renovasolenergy.cl\/?post_type=product&#038;p=1942"},"modified":"2025-02-23T17:55:30","modified_gmt":"2025-02-23T17:55:30","slug":"controlador-m-8-new","status":"publish","type":"product","link":"https:\/\/renovasolenergy.cl\/index.php\/producto\/controlador-m-8-new\/","title":{"rendered":"Controlador M-8 new para Termo Solar Atmosf\u00e9rico"},"content":{"rendered":"<p>El controlador inteligente digital M-8NEW se encarga de comandar la resistencia el\u00e9ctrica cada vez que sea necesario un refuerzo para poder calentar el agua, controlar el nivel de agua dentro del termotanque solar y su temperatura en tiempo real.<\/p>\n<p>Controla el ingreso del agua de alimentaci\u00f3n al termotanque solar mediante una electrov\u00e1lvula, el nivel de agua y la temperatura del mismo en forma autom\u00e1tica e integrada.<\/p>\n<ul>\n<li>Controlador M-8 New.<\/li>\n<li>Incluye Sensor y Electrov\u00e1lvula.<\/li>\n<li>IVA Incluido.<\/li>\n<\/ul>\n","protected":false},"excerpt":{"rendered":"<ul>\n<li>Muestra y configura la temperatura del agua, controla el calentador el\u00e9ctrico y puede configurar el llenado autom\u00e1tico de agua al tanque.<\/li>\n<li>IVA Incluido.<\/li>\n<\/ul>\n","protected":false},"featured_media":2294,"comment_status":"closed","ping_status":"closed","template":"","meta":[],"product_brand":[],"product_cat":[80,77],"product_tag":[],"class_list":{"0":"post-1942","1":"product","2":"type-product","3":"status-publish","4":"has-post-thumbnail","6":"product_cat-accesorios-termo-solares","7":"product_cat-solar-termica","9":"first","10":"instock","11":"shipping-taxable","12":"purchasable","13":"product-type-simple"},"_links":{"self":[{"href":"https:\/\/renovasolenergy.cl\/index.php\/wp-json\/wp\/v2\/product\/1942","targetHints":{"allow":["GET"]}}],"collection":[{"href":"https:\/\/renovasolenergy.cl\/index.php\/wp-json\/wp\/v2\/product"}],"about":[{"href":"https:\/\/renovasolenergy.cl\/index.php\/wp-json\/wp\/v2\/types\/product"}],"replies":[{"embeddable":true,"href":"https:\/\/renovasolenergy.cl\/index.php\/wp-json\/wp\/v2\/comments?post=1942"}],"wp:featuredmedia":[{"embeddable":true,"href":"https:\/\/renovasolenergy.cl\/index.php\/wp-json\/wp\/v2\/media\/2294"}],"wp:attachment":[{"href":"https:\/\/renovasolenergy.cl\/index.php\/wp-json\/wp\/v2\/media?parent=1942"}],"wp:term":[{"taxonomy":"product_brand","embeddable":true,"href":"https:\/\/renovasolenergy.cl\/index.php\/wp-json\/wp\/v2\/product_brand?post=1942"},{"taxonomy":"product_cat","embeddable":true,"href":"https:\/\/renovasolenergy.cl\/index.php\/wp-json\/wp\/v2\/product_cat?post=1942"},{"taxonomy":"product_tag","embeddable":true,"href":"https:\/\/renovasolenergy.cl\/index.php\/wp-json\/wp\/v2\/product_tag?post=1942"}],"curies":[{"name":"wp","href":"https:\/\/api.w.org\/{rel}","templated":true}]}}