{"id":1940,"date":"2023-08-07T23:59:45","date_gmt":"2023-08-07T23:59:45","guid":{"rendered":"https:\/\/renovasolenergy.cl\/?post_type=product&#038;p=1940"},"modified":"2025-12-16T19:59:42","modified_gmt":"2025-12-16T19:59:42","slug":"electrovalvula","status":"publish","type":"product","link":"https:\/\/renovasolenergy.cl\/index.php\/producto\/electrovalvula\/","title":{"rendered":"V\u00e1lvula Solenoide El\u00e9ctrica Alta Presi\u00f3n 12Vcc"},"content":{"rendered":"<ul>\n<li>Electrov\u00e1lvula 12Vcc.<\/li>\n<li>IVA Incluido.<\/li>\n<\/ul>\n","protected":false},"excerpt":{"rendered":"<ul>\n<li>IVA Incluido.<\/li>\n<\/ul>\n","protected":false},"featured_media":1941,"comment_status":"closed","ping_status":"closed","template":"","meta":[],"product_brand":[],"product_cat":[80,77],"product_tag":[],"class_list":{"0":"post-1940","1":"product","2":"type-product","3":"status-publish","4":"has-post-thumbnail","6":"product_cat-accesorios-termo-solares","7":"product_cat-solar-termica","9":"first","10":"instock","11":"shipping-taxable","12":"purchasable","13":"product-type-simple"},"_links":{"self":[{"href":"https:\/\/renovasolenergy.cl\/index.php\/wp-json\/wp\/v2\/product\/1940","targetHints":{"allow":["GET"]}}],"collection":[{"href":"https:\/\/renovasolenergy.cl\/index.php\/wp-json\/wp\/v2\/product"}],"about":[{"href":"https:\/\/renovasolenergy.cl\/index.php\/wp-json\/wp\/v2\/types\/product"}],"replies":[{"embeddable":true,"href":"https:\/\/renovasolenergy.cl\/index.php\/wp-json\/wp\/v2\/comments?post=1940"}],"wp:featuredmedia":[{"embeddable":true,"href":"https:\/\/renovasolenergy.cl\/index.php\/wp-json\/wp\/v2\/media\/1941"}],"wp:attachment":[{"href":"https:\/\/renovasolenergy.cl\/index.php\/wp-json\/wp\/v2\/media?parent=1940"}],"wp:term":[{"taxonomy":"product_brand","embeddable":true,"href":"https:\/\/renovasolenergy.cl\/index.php\/wp-json\/wp\/v2\/product_brand?post=1940"},{"taxonomy":"product_cat","embeddable":true,"href":"https:\/\/renovasolenergy.cl\/index.php\/wp-json\/wp\/v2\/product_cat?post=1940"},{"taxonomy":"product_tag","embeddable":true,"href":"https:\/\/renovasolenergy.cl\/index.php\/wp-json\/wp\/v2\/product_tag?post=1940"}],"curies":[{"name":"wp","href":"https:\/\/api.w.org\/{rel}","templated":true}]}}