{"id":1574,"date":"2022-11-14T18:51:05","date_gmt":"2022-11-14T18:51:05","guid":{"rendered":"https:\/\/renovasolenergy.cl\/?page_id=1574"},"modified":"2022-11-14T18:53:57","modified_gmt":"2022-11-14T18:53:57","slug":"como-comprar","status":"publish","type":"page","link":"https:\/\/renovasolenergy.cl\/index.php\/como-comprar\/","title":{"rendered":"Como comprar"},"content":{"rendered":"\t\t<div data-elementor-type=\"wp-page\" data-elementor-id=\"1574\" class=\"elementor elementor-1574\" data-elementor-post-type=\"page\">\n\t\t\t\t\t\t<section class=\"elementor-section elementor-top-section elementor-element elementor-element-4a3971b elementor-section-boxed elementor-section-height-default elementor-section-height-default\" data-id=\"4a3971b\" data-element_type=\"section\" data-e-type=\"section\" data-settings=\"{&quot;jet_parallax_layout_list&quot;:[]}\">\n\t\t\t\t\t\t<div class=\"elementor-container elementor-column-gap-default\">\n\t\t\t\t\t<div class=\"elementor-column elementor-col-100 elementor-top-column elementor-element elementor-element-8f4eefd\" data-id=\"8f4eefd\" data-element_type=\"column\" data-e-type=\"column\">\n\t\t\t<div class=\"elementor-widget-wrap elementor-element-populated\">\n\t\t\t\t\t\t<div class=\"elementor-element elementor-element-33a5271 elementor-widget elementor-widget-text-editor\" data-id=\"33a5271\" data-element_type=\"widget\" data-e-type=\"widget\" data-widget_type=\"text-editor.default\">\n\t\t\t\t<div class=\"elementor-widget-container\">\n\t\t\t\t\t\t\t\t\t<p>A trav\u00e9s de estos tres sencillos pasos podr\u00e1 adquirir el producto que busca.<\/p><p>1\u00ba Paso. Selecci\u00f3n de productos<\/p><p>Visite nuestro cat\u00e1logo y a\u00f1ada al carro el o los productos que desee comprar.<\/p><p>2\u00ba Paso. Confirmaci\u00f3n de pedido<\/p><p>Una vez que seleccione todos los productos desee comprar, presione sobre la pesta\u00f1a, tu pedido. Esta pesta\u00f1a le mostrara todos los productos que agrego al carro. En caso de querer a\u00f1adir una mayor cantidad o eliminar un producto esta es la pesta\u00f1a donde podr\u00e1 realizar dicha acci\u00f3n.<\/p><p>Una vez que termine con la selecci\u00f3n de productos, esta pesta\u00f1a le entregar\u00e1 el valor total de su compra.<\/p><p>Ahora para finalizar con la compra presione sobre el bot\u00f3n finalizar compra<\/p><p>3\u00ba Paso. Realizar pedido<\/p><p>Al presionar finalizar compra, le enviar\u00e1 a una nueva pesta\u00f1a donde deber\u00e1 ingresar la informaci\u00f3n solicitada hacer el pedido y el pago de su compra.<\/p><p>Una vez llenado los campos deber\u00e1 escoger la forma de pago de su pedido. Una vez seleccionada esta opci\u00f3n solo presione el bot\u00f3n realizar pedido.<\/p><p>IMPORTANTE:\u00a0el sistema le ofrecer\u00e1 realizar su primera compra como invitado. Aunque tambi\u00e9n usted puede ingresar sus datos para crear una cuenta. Al crear una cuenta, sus datos ser\u00e1n integrados a una base de datos, con lo cual en su pr\u00f3xima compra el proceso de compra ser\u00e1 mucho m\u00e1s r\u00e1pido. Adicionalmente que podr\u00e1 recibir informaci\u00f3n u ofertas que la tienda este realizando.<\/p>\t\t\t\t\t\t\t\t<\/div>\n\t\t\t\t<\/div>\n\t\t\t\t\t<\/div>\n\t\t<\/div>\n\t\t\t\t\t<\/div>\n\t\t<\/section>\n\t\t\t\t<\/div>\n\t\t","protected":false},"excerpt":{"rendered":"<p>A trav\u00e9s de estos tres sencillos pasos podr\u00e1 adquirir el producto que busca. 1\u00ba Paso. Selecci\u00f3n de productos Visite nuestro cat\u00e1logo y a\u00f1ada al carro el o los productos que desee comprar. 2\u00ba Paso. Confirmaci\u00f3n de pedido Una vez que seleccione todos los productos desee comprar, presione sobre la pesta\u00f1a, tu pedido. Esta pesta\u00f1a le [&hellip;]<\/p>\n","protected":false},"author":2,"featured_media":1579,"parent":0,"menu_order":0,"comment_status":"closed","ping_status":"closed","template":"","meta":{"footnotes":""},"class_list":["post-1574","page","type-page","status-publish","has-post-thumbnail","hentry"],"_links":{"self":[{"href":"https:\/\/renovasolenergy.cl\/index.php\/wp-json\/wp\/v2\/pages\/1574","targetHints":{"allow":["GET"]}}],"collection":[{"href":"https:\/\/renovasolenergy.cl\/index.php\/wp-json\/wp\/v2\/pages"}],"about":[{"href":"https:\/\/renovasolenergy.cl\/index.php\/wp-json\/wp\/v2\/types\/page"}],"author":[{"embeddable":true,"href":"https:\/\/renovasolenergy.cl\/index.php\/wp-json\/wp\/v2\/users\/2"}],"replies":[{"embeddable":true,"href":"https:\/\/renovasolenergy.cl\/index.php\/wp-json\/wp\/v2\/comments?post=1574"}],"version-history":[{"count":5,"href":"https:\/\/renovasolenergy.cl\/index.php\/wp-json\/wp\/v2\/pages\/1574\/revisions"}],"predecessor-version":[{"id":1580,"href":"https:\/\/renovasolenergy.cl\/index.php\/wp-json\/wp\/v2\/pages\/1574\/revisions\/1580"}],"wp:featuredmedia":[{"embeddable":true,"href":"https:\/\/renovasolenergy.cl\/index.php\/wp-json\/wp\/v2\/media\/1579"}],"wp:attachment":[{"href":"https:\/\/renovasolenergy.cl\/index.php\/wp-json\/wp\/v2\/media?parent=1574"}],"curies":[{"name":"wp","href":"https:\/\/api.w.org\/{rel}","templated":true}]}}