{"id":1549,"date":"2022-11-12T20:27:24","date_gmt":"2022-11-12T20:27:24","guid":{"rendered":"https:\/\/renovasolenergy.cl\/?page_id=1549"},"modified":"2023-08-11T23:02:00","modified_gmt":"2023-08-11T23:02:00","slug":"quienes-somos","status":"publish","type":"page","link":"https:\/\/renovasolenergy.cl\/index.php\/quienes-somos\/","title":{"rendered":"Quienes Somos"},"content":{"rendered":"\t\t<div data-elementor-type=\"wp-page\" data-elementor-id=\"1549\" class=\"elementor elementor-1549\" data-elementor-post-type=\"page\">\n\t\t\t\t\t\t<section class=\"elementor-section elementor-top-section elementor-element elementor-element-dca5219 elementor-section-boxed elementor-section-height-default elementor-section-height-default\" data-id=\"dca5219\" data-element_type=\"section\" data-e-type=\"section\" data-settings=\"{&quot;jet_parallax_layout_list&quot;:[]}\">\n\t\t\t\t\t\t<div class=\"elementor-container elementor-column-gap-default\">\n\t\t\t\t\t<div class=\"elementor-column elementor-col-100 elementor-top-column elementor-element elementor-element-6d481dd\" data-id=\"6d481dd\" data-element_type=\"column\" data-e-type=\"column\">\n\t\t\t<div class=\"elementor-widget-wrap elementor-element-populated\">\n\t\t\t\t\t\t<div class=\"elementor-element elementor-element-657b9eb elementor-widget elementor-widget-text-editor\" data-id=\"657b9eb\" data-element_type=\"widget\" data-e-type=\"widget\" data-widget_type=\"text-editor.default\">\n\t\t\t\t<div class=\"elementor-widget-container\">\n\t\t\t\t\t\t\t\t\t<p>Una empresa familiar de Antofagasta que se cre\u00f3 el a\u00f1o 2023, con la intenci\u00f3n de contribuir a mejorar la calidad de vida de las personas, ayudando a disminuir la contaminaci\u00f3n de nuestro planeta, adem\u00e1s con el plus de disminuir los gastos financieros de quienes utilizan las energ\u00edas renovables como fuente de generaci\u00f3n de electricidad o calentamiento de aguas sanitarias.<\/p>\t\t\t\t\t\t\t\t<\/div>\n\t\t\t\t<\/div>\n\t\t\t\t\t<\/div>\n\t\t<\/div>\n\t\t\t\t\t<\/div>\n\t\t<\/section>\n\t\t\t\t<section class=\"elementor-section elementor-top-section elementor-element elementor-element-d30afe2 elementor-section-boxed elementor-section-height-default elementor-section-height-default\" data-id=\"d30afe2\" data-element_type=\"section\" data-e-type=\"section\" data-settings=\"{&quot;jet_parallax_layout_list&quot;:[]}\">\n\t\t\t\t\t\t<div class=\"elementor-container elementor-column-gap-default\">\n\t\t\t\t\t<div class=\"elementor-column elementor-col-50 elementor-top-column elementor-element elementor-element-6e318a1\" data-id=\"6e318a1\" data-element_type=\"column\" data-e-type=\"column\">\n\t\t\t<div class=\"elementor-widget-wrap elementor-element-populated\">\n\t\t\t\t\t\t<div class=\"elementor-element elementor-element-b23f5fd elementor-widget elementor-widget-heading\" data-id=\"b23f5fd\" data-element_type=\"widget\" data-e-type=\"widget\" data-widget_type=\"heading.default\">\n\t\t\t\t<div class=\"elementor-widget-container\">\n\t\t\t\t\t<h3 class=\"elementor-heading-title elementor-size-default\">Nuestra Misi\u00f3n<\/h3>\t\t\t\t<\/div>\n\t\t\t\t<\/div>\n\t\t\t\t<div class=\"elementor-element elementor-element-5e7ac7b elementor-widget elementor-widget-text-editor\" data-id=\"5e7ac7b\" data-element_type=\"widget\" data-e-type=\"widget\" data-widget_type=\"text-editor.default\">\n\t\t\t\t<div class=\"elementor-widget-container\">\n\t\t\t\t\t\t\t\t\t<p>La misi\u00f3n de la compa\u00f1\u00eda es entregar asesoramiento eficiente, eficaz y de calidad en el asesoramiento a empresas y particulares, atenci\u00f3n personalizada y excelente servicio al cliente, implementando soluciones creativas en el dise\u00f1o de los sistemas de energ\u00edas renovables que requieran soluciones pr\u00e1cticas con los productos que vendemos.<\/p>\t\t\t\t\t\t\t\t<\/div>\n\t\t\t\t<\/div>\n\t\t\t\t\t<\/div>\n\t\t<\/div>\n\t\t\t\t<div class=\"elementor-column elementor-col-50 elementor-top-column elementor-element elementor-element-fc75246\" data-id=\"fc75246\" data-element_type=\"column\" data-e-type=\"column\">\n\t\t\t<div class=\"elementor-widget-wrap elementor-element-populated\">\n\t\t\t\t\t\t<div class=\"elementor-element elementor-element-2d066cd elementor-widget elementor-widget-heading\" data-id=\"2d066cd\" data-element_type=\"widget\" data-e-type=\"widget\" data-widget_type=\"heading.default\">\n\t\t\t\t<div class=\"elementor-widget-container\">\n\t\t\t\t\t<h3 class=\"elementor-heading-title elementor-size-default\">Nuestra Visi\u00f3n<\/h3>\t\t\t\t<\/div>\n\t\t\t\t<\/div>\n\t\t\t\t<div class=\"elementor-element elementor-element-9c8fa03 elementor-widget elementor-widget-text-editor\" data-id=\"9c8fa03\" data-element_type=\"widget\" data-e-type=\"widget\" data-widget_type=\"text-editor.default\">\n\t\t\t\t<div class=\"elementor-widget-container\">\n\t\t\t\t\t\t\t\t\t<p>Generar v\u00ednculos con empresas instaladoras y ser el principal proveedor en la entrega de productos fotovoltaicos y calentamiento de aguas sanitarias a trav\u00e9s de las energ\u00edas limpias en la zona Norte de Chile. Ayudar a los hogares y a las empresas a encontrar la mejor soluci\u00f3n en la implementaci\u00f3n de los sistemas de energ\u00edas renovables.<\/p>\t\t\t\t\t\t\t\t<\/div>\n\t\t\t\t<\/div>\n\t\t\t\t\t<\/div>\n\t\t<\/div>\n\t\t\t\t\t<\/div>\n\t\t<\/section>\n\t\t\t\t<\/div>\n\t\t","protected":false},"excerpt":{"rendered":"<p>Una empresa familiar de Antofagasta que se cre\u00f3 el a\u00f1o 2023, con la intenci\u00f3n de contribuir a mejorar la calidad de vida de las personas, ayudando a disminuir la contaminaci\u00f3n de nuestro planeta, adem\u00e1s con el plus de disminuir los gastos financieros de quienes utilizan las energ\u00edas renovables como fuente de generaci\u00f3n de electricidad o [&hellip;]<\/p>\n","protected":false},"author":2,"featured_media":1952,"parent":0,"menu_order":0,"comment_status":"closed","ping_status":"closed","template":"","meta":{"footnotes":""},"class_list":["post-1549","page","type-page","status-publish","has-post-thumbnail","hentry"],"_links":{"self":[{"href":"https:\/\/renovasolenergy.cl\/index.php\/wp-json\/wp\/v2\/pages\/1549","targetHints":{"allow":["GET"]}}],"collection":[{"href":"https:\/\/renovasolenergy.cl\/index.php\/wp-json\/wp\/v2\/pages"}],"about":[{"href":"https:\/\/renovasolenergy.cl\/index.php\/wp-json\/wp\/v2\/types\/page"}],"author":[{"embeddable":true,"href":"https:\/\/renovasolenergy.cl\/index.php\/wp-json\/wp\/v2\/users\/2"}],"replies":[{"embeddable":true,"href":"https:\/\/renovasolenergy.cl\/index.php\/wp-json\/wp\/v2\/comments?post=1549"}],"version-history":[{"count":31,"href":"https:\/\/renovasolenergy.cl\/index.php\/wp-json\/wp\/v2\/pages\/1549\/revisions"}],"predecessor-version":[{"id":2091,"href":"https:\/\/renovasolenergy.cl\/index.php\/wp-json\/wp\/v2\/pages\/1549\/revisions\/2091"}],"wp:featuredmedia":[{"embeddable":true,"href":"https:\/\/renovasolenergy.cl\/index.php\/wp-json\/wp\/v2\/media\/1952"}],"wp:attachment":[{"href":"https:\/\/renovasolenergy.cl\/index.php\/wp-json\/wp\/v2\/media?parent=1549"}],"curies":[{"name":"wp","href":"https:\/\/api.w.org\/{rel}","templated":true}]}}